{"id":110,"date":"2020-09-24T17:31:20","date_gmt":"2020-09-24T20:31:20","guid":{"rendered":"https:\/\/dp9web.com.br\/clientes\/paogelado\/?page_id=110"},"modified":"2020-12-15T18:06:34","modified_gmt":"2020-12-15T21:06:34","slug":"sobre-nos","status":"publish","type":"page","link":"https:\/\/dp9web.com.br\/clientes\/paogelado\/sobre-nos\/","title":{"rendered":"Sobre n\u00f3s"},"content":{"rendered":"\t\t<div data-elementor-type=\"wp-page\" data-elementor-id=\"110\" class=\"elementor elementor-110\" data-elementor-settings=\"[]\">\n\t\t\t\t\t\t<div class=\"elementor-inner\">\n\t\t\t\t\t\t\t<div class=\"elementor-section-wrap\">\n\t\t\t\t\t\t\t<section class=\"elementor-section elementor-top-section elementor-element elementor-element-a7e2d59 elementor-section-boxed elementor-section-height-default elementor-section-height-default\" data-id=\"a7e2d59\" data-element_type=\"section\">\n\t\t\t\t\t\t<div class=\"elementor-container elementor-column-gap-default\">\n\t\t\t\t\t\t\t<div class=\"elementor-row\">\n\t\t\t\t\t<div class=\"elementor-column elementor-col-100 elementor-top-column elementor-element elementor-element-102aa89\" data-id=\"102aa89\" data-element_type=\"column\">\n\t\t\t<div class=\"elementor-column-wrap elementor-element-populated\">\n\t\t\t\t\t\t\t<div class=\"elementor-widget-wrap\">\n\t\t\t\t\t\t<section class=\"elementor-section elementor-inner-section elementor-element elementor-element-b6b3a55 elementor-section-boxed elementor-section-height-default elementor-section-height-default\" data-id=\"b6b3a55\" data-element_type=\"section\">\n\t\t\t\t\t\t<div class=\"elementor-container elementor-column-gap-default\">\n\t\t\t\t\t\t\t<div class=\"elementor-row\">\n\t\t\t\t\t<div class=\"elementor-column elementor-col-50 elementor-inner-column elementor-element elementor-element-8ce4ed2\" data-id=\"8ce4ed2\" data-element_type=\"column\">\n\t\t\t<div class=\"elementor-column-wrap elementor-element-populated\">\n\t\t\t\t\t\t\t<div class=\"elementor-widget-wrap\">\n\t\t\t\t\t\t<div class=\"elementor-element elementor-element-9137a78 elementor-widget elementor-widget-image\" data-id=\"9137a78\" data-element_type=\"widget\" data-widget_type=\"image.default\">\n\t\t\t\t<div class=\"elementor-widget-container\">\n\t\t\t\t\t<div class=\"elementor-image\">\n\t\t\t\t\t\t\t\t\t\t<img src=\"https:\/\/dp9web.com.br\/clientes\/paogelado\/wp-content\/uploads\/elementor\/thumbs\/sobre-nos1-oxxr2enlql6y6jpa2feobw7093vqjn12dt9p9cv8mo.jpg\" title=\"sobre-nos1\" alt=\"sobre-nos1\" \/>\t\t\t\t\t\t\t\t\t\t\t<\/div>\n\t\t\t\t<\/div>\n\t\t\t\t<\/div>\n\t\t\t\t\t\t<\/div>\n\t\t\t\t\t<\/div>\n\t\t<\/div>\n\t\t\t\t<div class=\"elementor-column elementor-col-50 elementor-inner-column elementor-element elementor-element-def547c\" data-id=\"def547c\" data-element_type=\"column\">\n\t\t\t<div class=\"elementor-column-wrap elementor-element-populated\">\n\t\t\t\t\t\t\t<div class=\"elementor-widget-wrap\">\n\t\t\t\t\t\t<div class=\"elementor-element elementor-element-d30a6c9 elementor-widget elementor-widget-heading\" data-id=\"d30a6c9\" data-element_type=\"widget\" data-widget_type=\"heading.default\">\n\t\t\t\t<div class=\"elementor-widget-container\">\n\t\t\t<h2 class=\"elementor-heading-title elementor-size-default\">sobre n\u00f3s<\/h2>\t\t<\/div>\n\t\t\t\t<\/div>\n\t\t\t\t<div class=\"elementor-element elementor-element-0070d4d elementor-widget-divider--view-line elementor-widget elementor-widget-divider\" data-id=\"0070d4d\" data-element_type=\"widget\" data-widget_type=\"divider.default\">\n\t\t\t\t<div class=\"elementor-widget-container\">\n\t\t\t\t\t<div class=\"elementor-divider\">\n\t\t\t<span class=\"elementor-divider-separator\">\n\t\t\t\t\t\t<\/span>\n\t\t<\/div>\n\t\t\t\t<\/div>\n\t\t\t\t<\/div>\n\t\t\t\t<div class=\"elementor-element elementor-element-8f58ca6 elementor-widget elementor-widget-text-editor\" data-id=\"8f58ca6\" data-element_type=\"widget\" data-widget_type=\"text-editor.default\">\n\t\t\t\t<div class=\"elementor-widget-container\">\n\t\t\t\t\t<div class=\"elementor-text-editor elementor-clearfix\"><p>A P\u00e3o Gelado nasceu, em 2017, de uma necessidade dos propriet\u00e1rios da padaria Vitoria (empresa fundada em 2008 e refer\u00eancia na cidade de Mogi Mirim) de terem mais padr\u00e3o em seus produtos, reduzindo custos e otimizando processos.<\/p><\/div>\n\t\t\t\t<\/div>\n\t\t\t\t<\/div>\n\t\t\t\t\t\t<\/div>\n\t\t\t\t\t<\/div>\n\t\t<\/div>\n\t\t\t\t\t\t\t\t<\/div>\n\t\t\t\t\t<\/div>\n\t\t<\/section>\n\t\t\t\t<section class=\"elementor-section elementor-inner-section elementor-element elementor-element-ef39ab7 elementor-hidden-desktop elementor-hidden-tablet elementor-section-boxed elementor-section-height-default elementor-section-height-default\" data-id=\"ef39ab7\" data-element_type=\"section\">\n\t\t\t\t\t\t<div class=\"elementor-container elementor-column-gap-default\">\n\t\t\t\t\t\t\t<div class=\"elementor-row\">\n\t\t\t\t\t<div class=\"elementor-column elementor-col-50 elementor-inner-column elementor-element elementor-element-f8204ba\" data-id=\"f8204ba\" data-element_type=\"column\">\n\t\t\t<div class=\"elementor-column-wrap elementor-element-populated\">\n\t\t\t\t\t\t\t<div class=\"elementor-widget-wrap\">\n\t\t\t\t\t\t<div class=\"elementor-element elementor-element-9438a90 elementor-widget elementor-widget-image\" data-id=\"9438a90\" data-element_type=\"widget\" data-widget_type=\"image.default\">\n\t\t\t\t<div class=\"elementor-widget-container\">\n\t\t\t\t\t<div class=\"elementor-image\">\n\t\t\t\t\t\t\t\t\t\t<img width=\"800\" height=\"800\" src=\"https:\/\/dp9web.com.br\/clientes\/paogelado\/wp-content\/uploads\/2020\/11\/sobre-nos-2-1024x1024.jpg\" class=\"attachment-large size-large\" alt=\"\" loading=\"lazy\" srcset=\"https:\/\/dp9web.com.br\/clientes\/paogelado\/wp-content\/uploads\/2020\/11\/sobre-nos-2-1024x1024.jpg 1024w, https:\/\/dp9web.com.br\/clientes\/paogelado\/wp-content\/uploads\/2020\/11\/sobre-nos-2-300x300.jpg 300w, https:\/\/dp9web.com.br\/clientes\/paogelado\/wp-content\/uploads\/2020\/11\/sobre-nos-2-150x150.jpg 150w, https:\/\/dp9web.com.br\/clientes\/paogelado\/wp-content\/uploads\/2020\/11\/sobre-nos-2-768x768.jpg 768w, https:\/\/dp9web.com.br\/clientes\/paogelado\/wp-content\/uploads\/2020\/11\/sobre-nos-2.jpg 1080w\" sizes=\"(max-width: 800px) 100vw, 800px\" \/>\t\t\t\t\t\t\t\t\t\t\t<\/div>\n\t\t\t\t<\/div>\n\t\t\t\t<\/div>\n\t\t\t\t\t\t<\/div>\n\t\t\t\t\t<\/div>\n\t\t<\/div>\n\t\t\t\t<div class=\"elementor-column elementor-col-50 elementor-inner-column elementor-element elementor-element-984333e\" data-id=\"984333e\" data-element_type=\"column\">\n\t\t\t<div class=\"elementor-column-wrap elementor-element-populated\">\n\t\t\t\t\t\t\t<div class=\"elementor-widget-wrap\">\n\t\t\t\t\t\t<div class=\"elementor-element elementor-element-c492cdc elementor-widget elementor-widget-text-editor\" data-id=\"c492cdc\" data-element_type=\"widget\" data-widget_type=\"text-editor.default\">\n\t\t\t\t<div class=\"elementor-widget-container\">\n\t\t\t\t\t<div class=\"elementor-text-editor elementor-clearfix\"><p>Identificando essa necessidade, desenvolvemos nossas receitas para que essas possu\u00edssem o mesmo sabor e aspecto de um produto feito na hora. Afinal, uma padaria com tamanha tradi\u00e7\u00e3o na cidade n\u00e3o poderia mudar a qualidade de seus produtos, pois j\u00e1 possu\u00edam uma clientela exigente e fiel. Foram pensados produtos de alto padr\u00e3o, sem conservantes adicionais, apenas melhorando as t\u00e9cnicas de congelamento r\u00e1pido.<\/p><\/div>\n\t\t\t\t<\/div>\n\t\t\t\t<\/div>\n\t\t\t\t\t\t<\/div>\n\t\t\t\t\t<\/div>\n\t\t<\/div>\n\t\t\t\t\t\t\t\t<\/div>\n\t\t\t\t\t<\/div>\n\t\t<\/section>\n\t\t\t\t<section class=\"elementor-section elementor-inner-section elementor-element elementor-element-b344310 elementor-hidden-phone elementor-section-boxed elementor-section-height-default elementor-section-height-default\" data-id=\"b344310\" data-element_type=\"section\">\n\t\t\t\t\t\t<div class=\"elementor-container elementor-column-gap-default\">\n\t\t\t\t\t\t\t<div class=\"elementor-row\">\n\t\t\t\t\t<div class=\"elementor-column elementor-col-50 elementor-inner-column elementor-element elementor-element-c401e61\" data-id=\"c401e61\" data-element_type=\"column\">\n\t\t\t<div class=\"elementor-column-wrap elementor-element-populated\">\n\t\t\t\t\t\t\t<div class=\"elementor-widget-wrap\">\n\t\t\t\t\t\t<div class=\"elementor-element elementor-element-97f339c elementor-widget elementor-widget-text-editor\" data-id=\"97f339c\" data-element_type=\"widget\" data-widget_type=\"text-editor.default\">\n\t\t\t\t<div class=\"elementor-widget-container\">\n\t\t\t\t\t<div class=\"elementor-text-editor elementor-clearfix\"><p>Identificando essa necessidade, desenvolvemos nossas receitas para que essas possu\u00edssem o mesmo sabor e aspecto de um produto feito na hora. Afinal, uma padaria com tamanha tradi\u00e7\u00e3o na cidade n\u00e3o poderia mudar a qualidade de seus produtos, pois j\u00e1 possu\u00edam uma clientela exigente e fiel. Foram pensados produtos de alto padr\u00e3o, sem conservantes adicionais, apenas melhorando as t\u00e9cnicas de congelamento r\u00e1pido.<\/p><\/div>\n\t\t\t\t<\/div>\n\t\t\t\t<\/div>\n\t\t\t\t\t\t<\/div>\n\t\t\t\t\t<\/div>\n\t\t<\/div>\n\t\t\t\t<div class=\"elementor-column elementor-col-50 elementor-inner-column elementor-element elementor-element-e5753b6\" data-id=\"e5753b6\" data-element_type=\"column\">\n\t\t\t<div class=\"elementor-column-wrap elementor-element-populated\">\n\t\t\t\t\t\t\t<div class=\"elementor-widget-wrap\">\n\t\t\t\t\t\t<div class=\"elementor-element elementor-element-fb14711 elementor-widget elementor-widget-image\" data-id=\"fb14711\" data-element_type=\"widget\" data-widget_type=\"image.default\">\n\t\t\t\t<div class=\"elementor-widget-container\">\n\t\t\t\t\t<div class=\"elementor-image\">\n\t\t\t\t\t\t\t\t\t\t<img width=\"800\" height=\"800\" src=\"https:\/\/dp9web.com.br\/clientes\/paogelado\/wp-content\/uploads\/2020\/11\/sobre-nos-2-1024x1024.jpg\" class=\"attachment-large size-large\" alt=\"\" loading=\"lazy\" srcset=\"https:\/\/dp9web.com.br\/clientes\/paogelado\/wp-content\/uploads\/2020\/11\/sobre-nos-2-1024x1024.jpg 1024w, https:\/\/dp9web.com.br\/clientes\/paogelado\/wp-content\/uploads\/2020\/11\/sobre-nos-2-300x300.jpg 300w, https:\/\/dp9web.com.br\/clientes\/paogelado\/wp-content\/uploads\/2020\/11\/sobre-nos-2-150x150.jpg 150w, https:\/\/dp9web.com.br\/clientes\/paogelado\/wp-content\/uploads\/2020\/11\/sobre-nos-2-768x768.jpg 768w, https:\/\/dp9web.com.br\/clientes\/paogelado\/wp-content\/uploads\/2020\/11\/sobre-nos-2.jpg 1080w\" sizes=\"(max-width: 800px) 100vw, 800px\" \/>\t\t\t\t\t\t\t\t\t\t\t<\/div>\n\t\t\t\t<\/div>\n\t\t\t\t<\/div>\n\t\t\t\t\t\t<\/div>\n\t\t\t\t\t<\/div>\n\t\t<\/div>\n\t\t\t\t\t\t\t\t<\/div>\n\t\t\t\t\t<\/div>\n\t\t<\/section>\n\t\t\t\t<section class=\"elementor-section elementor-inner-section elementor-element elementor-element-7c61449 elementor-section-boxed elementor-section-height-default elementor-section-height-default\" data-id=\"7c61449\" data-element_type=\"section\">\n\t\t\t\t\t\t<div class=\"elementor-container elementor-column-gap-default\">\n\t\t\t\t\t\t\t<div class=\"elementor-row\">\n\t\t\t\t\t<div class=\"elementor-column elementor-col-50 elementor-inner-column elementor-element elementor-element-5e5e6f2\" data-id=\"5e5e6f2\" data-element_type=\"column\">\n\t\t\t<div class=\"elementor-column-wrap elementor-element-populated\">\n\t\t\t\t\t\t\t<div class=\"elementor-widget-wrap\">\n\t\t\t\t\t\t<div class=\"elementor-element elementor-element-0b3a51c elementor-widget elementor-widget-image\" data-id=\"0b3a51c\" data-element_type=\"widget\" data-widget_type=\"image.default\">\n\t\t\t\t<div class=\"elementor-widget-container\">\n\t\t\t\t\t<div class=\"elementor-image\">\n\t\t\t\t\t\t\t\t\t\t<img width=\"800\" height=\"800\" src=\"https:\/\/dp9web.com.br\/clientes\/paogelado\/wp-content\/uploads\/2020\/11\/sobre-nos-3-1024x1024.jpg\" class=\"attachment-large size-large\" alt=\"\" loading=\"lazy\" srcset=\"https:\/\/dp9web.com.br\/clientes\/paogelado\/wp-content\/uploads\/2020\/11\/sobre-nos-3-1024x1024.jpg 1024w, https:\/\/dp9web.com.br\/clientes\/paogelado\/wp-content\/uploads\/2020\/11\/sobre-nos-3-300x300.jpg 300w, https:\/\/dp9web.com.br\/clientes\/paogelado\/wp-content\/uploads\/2020\/11\/sobre-nos-3-150x150.jpg 150w, https:\/\/dp9web.com.br\/clientes\/paogelado\/wp-content\/uploads\/2020\/11\/sobre-nos-3-768x768.jpg 768w, https:\/\/dp9web.com.br\/clientes\/paogelado\/wp-content\/uploads\/2020\/11\/sobre-nos-3.jpg 1080w\" sizes=\"(max-width: 800px) 100vw, 800px\" \/>\t\t\t\t\t\t\t\t\t\t\t<\/div>\n\t\t\t\t<\/div>\n\t\t\t\t<\/div>\n\t\t\t\t\t\t<\/div>\n\t\t\t\t\t<\/div>\n\t\t<\/div>\n\t\t\t\t<div class=\"elementor-column elementor-col-50 elementor-inner-column elementor-element elementor-element-b4e2932\" data-id=\"b4e2932\" data-element_type=\"column\">\n\t\t\t<div class=\"elementor-column-wrap elementor-element-populated\">\n\t\t\t\t\t\t\t<div class=\"elementor-widget-wrap\">\n\t\t\t\t\t\t<div class=\"elementor-element elementor-element-eb5e392 elementor-widget elementor-widget-text-editor\" data-id=\"eb5e392\" data-element_type=\"widget\" data-widget_type=\"text-editor.default\">\n\t\t\t\t<div class=\"elementor-widget-container\">\n\t\t\t\t\t<div class=\"elementor-text-editor elementor-clearfix\"><p>Hoje, a P\u00e3o Gelado fornece uma linha completa de produtos de panifica\u00e7\u00e3o, com a qualidade dos produtos frescos e a praticidade dos produtos congelados, disponibilizando seus produtos n\u00e3o apenas para a Padaria Vit\u00f3ria, mas para outras padarias e mercados da regi\u00e3o. Fornecemos equipamentos em comodato e damos treinamentos para os funcion\u00e1rios dos estabelecimentos para finalizarem nossos produtos da melhor maneira, mantendo a qualidade e o frescor.<\/p><\/div>\n\t\t\t\t<\/div>\n\t\t\t\t<\/div>\n\t\t\t\t\t\t<\/div>\n\t\t\t\t\t<\/div>\n\t\t<\/div>\n\t\t\t\t\t\t\t\t<\/div>\n\t\t\t\t\t<\/div>\n\t\t<\/section>\n\t\t\t\t\t\t<\/div>\n\t\t\t\t\t<\/div>\n\t\t<\/div>\n\t\t\t\t\t\t\t\t<\/div>\n\t\t\t\t\t<\/div>\n\t\t<\/section>\n\t\t\t\t\t\t<\/div>\n\t\t\t\t\t\t<\/div>\n\t\t\t\t\t<\/div>\n\t\t","protected":false},"excerpt":{"rendered":"<p>sobre n\u00f3s A P\u00e3o Gelado nasceu, em 2017, de uma necessidade dos propriet\u00e1rios da padaria Vitoria (empresa fundada em 2008 e refer\u00eancia na cidade de Mogi Mirim) de terem mais padr\u00e3o em seus produtos, reduzindo custos e otimizando processos. Identificando essa necessidade, desenvolvemos nossas receitas para que essas possu\u00edssem o mesmo sabor e aspecto de [&hellip;]<\/p>\n","protected":false},"author":1,"featured_media":0,"parent":0,"menu_order":0,"comment_status":"closed","ping_status":"closed","template":"","meta":[],"_links":{"self":[{"href":"https:\/\/dp9web.com.br\/clientes\/paogelado\/wp-json\/wp\/v2\/pages\/110"}],"collection":[{"href":"https:\/\/dp9web.com.br\/clientes\/paogelado\/wp-json\/wp\/v2\/pages"}],"about":[{"href":"https:\/\/dp9web.com.br\/clientes\/paogelado\/wp-json\/wp\/v2\/types\/page"}],"author":[{"embeddable":true,"href":"https:\/\/dp9web.com.br\/clientes\/paogelado\/wp-json\/wp\/v2\/users\/1"}],"replies":[{"embeddable":true,"href":"https:\/\/dp9web.com.br\/clientes\/paogelado\/wp-json\/wp\/v2\/comments?post=110"}],"version-history":[{"count":20,"href":"https:\/\/dp9web.com.br\/clientes\/paogelado\/wp-json\/wp\/v2\/pages\/110\/revisions"}],"predecessor-version":[{"id":313,"href":"https:\/\/dp9web.com.br\/clientes\/paogelado\/wp-json\/wp\/v2\/pages\/110\/revisions\/313"}],"wp:attachment":[{"href":"https:\/\/dp9web.com.br\/clientes\/paogelado\/wp-json\/wp\/v2\/media?parent=110"}],"curies":[{"name":"wp","href":"https:\/\/api.w.org\/{rel}","templated":true}]}}