{"id":388,"date":"2021-03-11T16:30:21","date_gmt":"2021-03-11T19:30:21","guid":{"rendered":"https:\/\/dp9web.com.br\/clientes\/narezzi\/?page_id=388"},"modified":"2021-03-15T14:23:53","modified_gmt":"2021-03-15T17:23:53","slug":"nosso-sistema","status":"publish","type":"page","link":"https:\/\/dp9web.com.br\/clientes\/narezzi\/nosso-sistema\/","title":{"rendered":"Nosso Sistema"},"content":{"rendered":"\t\t<div data-elementor-type=\"wp-page\" data-elementor-id=\"388\" class=\"elementor elementor-388\" data-elementor-settings=\"[]\">\n\t\t\t\t\t\t<div class=\"elementor-inner\">\n\t\t\t\t\t\t\t<div class=\"elementor-section-wrap\">\n\t\t\t\t\t\t\t<section class=\"elementor-section elementor-top-section elementor-element elementor-element-95d8f27 elementor-section-boxed elementor-section-height-default elementor-section-height-default\" data-id=\"95d8f27\" data-element_type=\"section\" data-settings=\"{&quot;background_background&quot;:&quot;classic&quot;}\">\n\t\t\t\t\t\t<div class=\"elementor-container elementor-column-gap-default\">\n\t\t\t\t\t\t\t<div class=\"elementor-row\">\n\t\t\t\t\t<div class=\"elementor-column elementor-col-100 elementor-top-column elementor-element elementor-element-a5922f1\" data-id=\"a5922f1\" data-element_type=\"column\">\n\t\t\t<div class=\"elementor-column-wrap elementor-element-populated\">\n\t\t\t\t\t\t\t<div class=\"elementor-widget-wrap\">\n\t\t\t\t\t\t<div class=\"elementor-element elementor-element-3deee42 elementor-widget elementor-widget-heading\" data-id=\"3deee42\" data-element_type=\"widget\" data-widget_type=\"heading.default\">\n\t\t\t\t<div class=\"elementor-widget-container\">\n\t\t\t<h2 class=\"elementor-heading-title elementor-size-default\">Nosso Sistema<\/h2>\t\t<\/div>\n\t\t\t\t<\/div>\n\t\t\t\t<div class=\"elementor-element elementor-element-8602492 elementor-widget-divider--view-line elementor-widget elementor-widget-divider\" data-id=\"8602492\" data-element_type=\"widget\" data-widget_type=\"divider.default\">\n\t\t\t\t<div class=\"elementor-widget-container\">\n\t\t\t\t\t<div class=\"elementor-divider\">\n\t\t\t<span class=\"elementor-divider-separator\">\n\t\t\t\t\t\t<\/span>\n\t\t<\/div>\n\t\t\t\t<\/div>\n\t\t\t\t<\/div>\n\t\t\t\t<div class=\"elementor-element elementor-element-37c9576 elementor-widget elementor-widget-text-editor\" data-id=\"37c9576\" data-element_type=\"widget\" data-widget_type=\"text-editor.default\">\n\t\t\t\t<div class=\"elementor-widget-container\">\n\t\t\t\t\t<div class=\"elementor-text-editor elementor-clearfix\"><p>Os sistemas Narezzi de combate a inc\u00eandio, desenhados para cozinhas industriais, tem como objetivo principal a detec\u00e7\u00e3o e extin\u00e7\u00e3o de chamas provindas dos dutos e coifas (equipamentos de coc\u00e7\u00e3o).<\/p><p><br \/>Para a prote\u00e7\u00e3o da rede de dutos e filtro, em espec\u00edfico, o sistema Narezzi se mune do agente extintor CO2 que atua para criar uma atmosfera com baixa quantidade de oxig\u00eanio, de modo com que o fogo seja extinto por abafamento. Ao detectar uma temperatura elevada nos dutos (normalmente 138\u00b0C), o sistema Narezzi envia comandos el\u00e9tricos para o fechamento dos dampers corta-fogo, desligamento do sistema de ventila\u00e7\u00e3o\/exaust\u00e3o, fechamento da v\u00e1lvula solenoide de g\u00e1s de cozinha, ativa\u00e7\u00e3o da sirene audiovisual para evacua\u00e7\u00e3o da \u00e1rea e, ap\u00f3s per\u00edodo de retardo regul\u00e1vel, acionamento do agente extintor CO2.<\/p><p><br \/>J\u00e1 para a prote\u00e7\u00e3o das coifas e equipamentos de coc\u00e7\u00e3o, o sistema Narezzi se mune do agente extintor saponificante que, ap\u00f3s o rompimento do sensor t\u00e9rmico elofus\u00edvel (se for sistema mec\u00e2nico) ou a detec\u00e7\u00e3o de temperatura elevada (se for sistema eletr\u00f4nico), \u00e9 descarregado sobre a superf\u00edcie dos equipamentos de coc\u00e7\u00e3o, com a finalidade de apagar o fogo e manter a atmosfera inerte por at\u00e9 20 minutos. Ele age dissolvendo a gordura, resfriando a superf\u00edcie e formando uma camada de espuma sobre os equipamentos e superf\u00edcies em chamas, abafando o fogo.<\/p><p><br \/>Al\u00e9m de todas as fun\u00e7\u00f5es citadas acima, os sistemas Narezzi de combate a inc\u00eandio tamb\u00e9m s\u00e3o projetados para fazer a detec\u00e7\u00e3o de vazamento de g\u00e1s de cozinha (seja ele GLP ou GN) atrav\u00e9s de um detector estrategicamente posicionado e, al\u00e9m de acionar a sirene para a evacua\u00e7\u00e3o do local, fecha a solenoide de g\u00e1s a fim de cessar o vazamento at\u00e9 a chegada do profissional respons\u00e1vel pela averigua\u00e7\u00e3o da situa\u00e7\u00e3o, assim minimizando riscos aos funcion\u00e1rios, clientes e estabelecimento.<\/p><\/div>\n\t\t\t\t<\/div>\n\t\t\t\t<\/div>\n\t\t\t\t\t\t<\/div>\n\t\t\t\t\t<\/div>\n\t\t<\/div>\n\t\t\t\t\t\t\t\t<\/div>\n\t\t\t\t\t<\/div>\n\t\t<\/section>\n\t\t\t\t<section class=\"elementor-section elementor-top-section elementor-element elementor-element-d515d96 elementor-section-boxed elementor-section-height-default elementor-section-height-default\" data-id=\"d515d96\" data-element_type=\"section\" data-settings=\"{&quot;background_background&quot;:&quot;classic&quot;}\">\n\t\t\t\t\t\t<div class=\"elementor-container elementor-column-gap-default\">\n\t\t\t\t\t\t\t<div class=\"elementor-row\">\n\t\t\t\t\t<div class=\"elementor-column elementor-col-100 elementor-top-column elementor-element elementor-element-2c98307\" data-id=\"2c98307\" data-element_type=\"column\">\n\t\t\t<div class=\"elementor-column-wrap elementor-element-populated\">\n\t\t\t\t\t\t\t<div class=\"elementor-widget-wrap\">\n\t\t\t\t\t\t<div class=\"elementor-element elementor-element-3c62d4e elementor-widget elementor-widget-image-gallery\" data-id=\"3c62d4e\" data-element_type=\"widget\" data-widget_type=\"image-gallery.default\">\n\t\t\t\t<div class=\"elementor-widget-container\">\n\t\t\t\t\t<div class=\"elementor-image-gallery\">\n\t\t\t<div id='gallery-1' class='gallery galleryid-388 gallery-columns-1 gallery-size-full'><figure class='gallery-item'>\n\t\t\t<div class='gallery-icon landscape'>\n\t\t\t\t<a data-elementor-open-lightbox=\"yes\" data-elementor-lightbox-slideshow=\"3c62d4e\" href='https:\/\/dp9web.com.br\/clientes\/narezzi\/wp-content\/uploads\/2021\/03\/NOSSO-SISTEMA-min-scaled.jpg'><img width=\"2560\" height=\"1505\" src=\"https:\/\/dp9web.com.br\/clientes\/narezzi\/wp-content\/uploads\/2021\/03\/NOSSO-SISTEMA-min-scaled.jpg\" class=\"attachment-full size-full\" alt=\"\" loading=\"lazy\" srcset=\"https:\/\/dp9web.com.br\/clientes\/narezzi\/wp-content\/uploads\/2021\/03\/NOSSO-SISTEMA-min-scaled.jpg 2560w, https:\/\/dp9web.com.br\/clientes\/narezzi\/wp-content\/uploads\/2021\/03\/NOSSO-SISTEMA-min-300x176.jpg 300w, https:\/\/dp9web.com.br\/clientes\/narezzi\/wp-content\/uploads\/2021\/03\/NOSSO-SISTEMA-min-1024x602.jpg 1024w, https:\/\/dp9web.com.br\/clientes\/narezzi\/wp-content\/uploads\/2021\/03\/NOSSO-SISTEMA-min-768x452.jpg 768w, https:\/\/dp9web.com.br\/clientes\/narezzi\/wp-content\/uploads\/2021\/03\/NOSSO-SISTEMA-min-1536x903.jpg 1536w, https:\/\/dp9web.com.br\/clientes\/narezzi\/wp-content\/uploads\/2021\/03\/NOSSO-SISTEMA-min-2048x1204.jpg 2048w\" sizes=\"(max-width: 2560px) 100vw, 2560px\" \/><\/a>\n\t\t\t<\/div><\/figure>\n\t\t<\/div>\n\t\t<\/div>\n\t\t\t\t<\/div>\n\t\t\t\t<\/div>\n\t\t\t\t\t\t<\/div>\n\t\t\t\t\t<\/div>\n\t\t<\/div>\n\t\t\t\t\t\t\t\t<\/div>\n\t\t\t\t\t<\/div>\n\t\t<\/section>\n\t\t\t\t\t\t<\/div>\n\t\t\t\t\t\t<\/div>\n\t\t\t\t\t<\/div>\n\t\t","protected":false},"excerpt":{"rendered":"<p>Nosso Sistema Os sistemas Narezzi de combate a inc\u00eandio, desenhados para cozinhas industriais, tem como objetivo principal a detec\u00e7\u00e3o e extin\u00e7\u00e3o de chamas provindas dos dutos e coifas (equipamentos de coc\u00e7\u00e3o). Para a prote\u00e7\u00e3o da rede de dutos e filtro, em espec\u00edfico, o sistema Narezzi se mune do agente extintor CO2 que atua para criar [&hellip;]<\/p>\n","protected":false},"author":1,"featured_media":0,"parent":0,"menu_order":0,"comment_status":"closed","ping_status":"closed","template":"","meta":[],"_links":{"self":[{"href":"https:\/\/dp9web.com.br\/clientes\/narezzi\/wp-json\/wp\/v2\/pages\/388"}],"collection":[{"href":"https:\/\/dp9web.com.br\/clientes\/narezzi\/wp-json\/wp\/v2\/pages"}],"about":[{"href":"https:\/\/dp9web.com.br\/clientes\/narezzi\/wp-json\/wp\/v2\/types\/page"}],"author":[{"embeddable":true,"href":"https:\/\/dp9web.com.br\/clientes\/narezzi\/wp-json\/wp\/v2\/users\/1"}],"replies":[{"embeddable":true,"href":"https:\/\/dp9web.com.br\/clientes\/narezzi\/wp-json\/wp\/v2\/comments?post=388"}],"version-history":[{"count":16,"href":"https:\/\/dp9web.com.br\/clientes\/narezzi\/wp-json\/wp\/v2\/pages\/388\/revisions"}],"predecessor-version":[{"id":464,"href":"https:\/\/dp9web.com.br\/clientes\/narezzi\/wp-json\/wp\/v2\/pages\/388\/revisions\/464"}],"wp:attachment":[{"href":"https:\/\/dp9web.com.br\/clientes\/narezzi\/wp-json\/wp\/v2\/media?parent=388"}],"curies":[{"name":"wp","href":"https:\/\/api.w.org\/{rel}","templated":true}]}}