{"id":176,"date":"2020-10-19T15:11:03","date_gmt":"2020-10-19T18:11:03","guid":{"rendered":"https:\/\/dp9web.com.br\/clientes\/narezzi\/?page_id=176"},"modified":"2021-01-12T16:58:07","modified_gmt":"2021-01-12T19:58:07","slug":"treinamentos","status":"publish","type":"page","link":"https:\/\/dp9web.com.br\/clientes\/narezzi\/treinamentos\/","title":{"rendered":"Treinamentos"},"content":{"rendered":"\t\t<div data-elementor-type=\"wp-page\" data-elementor-id=\"176\" class=\"elementor elementor-176\" data-elementor-settings=\"[]\">\n\t\t\t\t\t\t<div class=\"elementor-inner\">\n\t\t\t\t\t\t\t<div class=\"elementor-section-wrap\">\n\t\t\t\t\t\t\t<section class=\"elementor-section elementor-top-section elementor-element elementor-element-ec81dd9 elementor-section-height-min-height elementor-section-boxed elementor-section-height-default elementor-section-items-middle\" data-id=\"ec81dd9\" data-element_type=\"section\" data-settings=\"{&quot;background_background&quot;:&quot;classic&quot;}\">\n\t\t\t\t\t\t\t<div class=\"elementor-background-overlay\"><\/div>\n\t\t\t\t\t\t\t<div class=\"elementor-container elementor-column-gap-default\">\n\t\t\t\t\t\t\t<div class=\"elementor-row\">\n\t\t\t\t\t<div class=\"elementor-column elementor-col-100 elementor-top-column elementor-element elementor-element-e1476f2\" data-id=\"e1476f2\" data-element_type=\"column\">\n\t\t\t<div class=\"elementor-column-wrap elementor-element-populated\">\n\t\t\t\t\t\t\t<div class=\"elementor-widget-wrap\">\n\t\t\t\t\t\t<section class=\"elementor-section elementor-inner-section elementor-element elementor-element-598e30a elementor-section-boxed elementor-section-height-default elementor-section-height-default\" data-id=\"598e30a\" data-element_type=\"section\">\n\t\t\t\t\t\t<div class=\"elementor-container elementor-column-gap-default\">\n\t\t\t\t\t\t\t<div class=\"elementor-row\">\n\t\t\t\t\t<div class=\"elementor-column elementor-col-100 elementor-inner-column elementor-element elementor-element-a77e983\" data-id=\"a77e983\" data-element_type=\"column\">\n\t\t\t<div class=\"elementor-column-wrap elementor-element-populated\">\n\t\t\t\t\t\t\t<div class=\"elementor-widget-wrap\">\n\t\t\t\t\t\t<div class=\"elementor-element elementor-element-d0576a5 elementor-widget elementor-widget-heading\" data-id=\"d0576a5\" data-element_type=\"widget\" data-widget_type=\"heading.default\">\n\t\t\t\t<div class=\"elementor-widget-container\">\n\t\t\t<h2 class=\"elementor-heading-title elementor-size-default\">treinamento<\/h2>\t\t<\/div>\n\t\t\t\t<\/div>\n\t\t\t\t\t\t<\/div>\n\t\t\t\t\t<\/div>\n\t\t<\/div>\n\t\t\t\t\t\t\t\t<\/div>\n\t\t\t\t\t<\/div>\n\t\t<\/section>\n\t\t\t\t\t\t<\/div>\n\t\t\t\t\t<\/div>\n\t\t<\/div>\n\t\t\t\t\t\t\t\t<\/div>\n\t\t\t\t\t<\/div>\n\t\t<\/section>\n\t\t\t\t<section class=\"elementor-section elementor-top-section elementor-element elementor-element-44cbb26 elementor-section-boxed elementor-section-height-default elementor-section-height-default\" data-id=\"44cbb26\" data-element_type=\"section\">\n\t\t\t\t\t\t<div class=\"elementor-container elementor-column-gap-default\">\n\t\t\t\t\t\t\t<div class=\"elementor-row\">\n\t\t\t\t\t<div class=\"elementor-column elementor-col-100 elementor-top-column elementor-element elementor-element-211afb6\" data-id=\"211afb6\" data-element_type=\"column\">\n\t\t\t<div class=\"elementor-column-wrap elementor-element-populated\">\n\t\t\t\t\t\t\t<div class=\"elementor-widget-wrap\">\n\t\t\t\t\t\t<section class=\"elementor-section elementor-inner-section elementor-element elementor-element-821000a elementor-section-boxed elementor-section-height-default elementor-section-height-default\" data-id=\"821000a\" data-element_type=\"section\">\n\t\t\t\t\t\t<div class=\"elementor-container elementor-column-gap-default\">\n\t\t\t\t\t\t\t<div class=\"elementor-row\">\n\t\t\t\t\t<div class=\"elementor-column elementor-col-50 elementor-inner-column elementor-element elementor-element-d7d0e94\" data-id=\"d7d0e94\" data-element_type=\"column\">\n\t\t\t<div class=\"elementor-column-wrap elementor-element-populated\">\n\t\t\t\t\t\t\t<div class=\"elementor-widget-wrap\">\n\t\t\t\t\t\t<div class=\"elementor-element elementor-element-41689e2 elementor-widget elementor-widget-text-editor\" data-id=\"41689e2\" data-element_type=\"widget\" data-widget_type=\"text-editor.default\">\n\t\t\t\t<div class=\"elementor-widget-container\">\n\t\t\t\t\t<div class=\"elementor-text-editor elementor-clearfix\"><p>O treinamento realizado pela Narezzi serve para orientar e conscientizar os lojistas, cozinheiros, bombeiros e gerentes do segmento industrial da import\u00e2ncia de manter e manipular o sistema de combate a inc\u00eandios com seguran\u00e7a, garantindo a integridade do mesmo para um bom funcionamento, minimizando assim, futuros problemas.<\/p><p>O treinamento tamb\u00e9m \u00e9 importante para que a equipe presente na loja seja preparada a notar poss\u00edveis avarias no sistema, podendo se antecipar e solicitar a visita t\u00e9cnica Narezzi para solucion\u00e1-las.<\/p><p>Al\u00e9m disso, s\u00e3o passados procedimentos extremamente importantes que sucedem o acionamento do sistema de combate a inc\u00eandio Narezzi, visando a integridade dos funcion\u00e1rios e clientes do estabelecimento.<\/p><\/div>\n\t\t\t\t<\/div>\n\t\t\t\t<\/div>\n\t\t\t\t<div class=\"elementor-element elementor-element-30f4383 elementor-align-left elementor-mobile-align-center elementor-widget elementor-widget-button\" data-id=\"30f4383\" data-element_type=\"widget\" data-widget_type=\"button.default\">\n\t\t\t\t<div class=\"elementor-widget-container\">\n\t\t\t\t\t<div class=\"elementor-button-wrapper\">\n\t\t\t<a href=\"https:\/\/dp9web.com.br\/clientes\/narezzi\/orcamento\" class=\"elementor-button-link elementor-button elementor-size-sm\" role=\"button\">\n\t\t\t\t\t\t<span class=\"elementor-button-content-wrapper\">\n\t\t\t\t\t\t<span class=\"elementor-button-text\">solicite or\u00e7amento<\/span>\n\t\t<\/span>\n\t\t\t\t\t<\/a>\n\t\t<\/div>\n\t\t\t\t<\/div>\n\t\t\t\t<\/div>\n\t\t\t\t\t\t<\/div>\n\t\t\t\t\t<\/div>\n\t\t<\/div>\n\t\t\t\t<div class=\"elementor-column elementor-col-50 elementor-inner-column elementor-element elementor-element-10f50ba\" data-id=\"10f50ba\" data-element_type=\"column\">\n\t\t\t<div class=\"elementor-column-wrap elementor-element-populated\">\n\t\t\t\t\t\t\t<div class=\"elementor-widget-wrap\">\n\t\t\t\t\t\t<div class=\"elementor-element elementor-element-1f61649 elementor-widget elementor-widget-image\" data-id=\"1f61649\" data-element_type=\"widget\" data-widget_type=\"image.default\">\n\t\t\t\t<div class=\"elementor-widget-container\">\n\t\t\t\t\t<div class=\"elementor-image\">\n\t\t\t\t\t\t\t\t\t\t<img width=\"800\" height=\"552\" src=\"https:\/\/dp9web.com.br\/clientes\/narezzi\/wp-content\/uploads\/2020\/11\/treinamento-min-1024x707.png\" class=\"attachment-large size-large\" alt=\"\" loading=\"lazy\" srcset=\"https:\/\/dp9web.com.br\/clientes\/narezzi\/wp-content\/uploads\/2020\/11\/treinamento-min-1024x707.png 1024w, https:\/\/dp9web.com.br\/clientes\/narezzi\/wp-content\/uploads\/2020\/11\/treinamento-min-300x207.png 300w, https:\/\/dp9web.com.br\/clientes\/narezzi\/wp-content\/uploads\/2020\/11\/treinamento-min-768x530.png 768w, https:\/\/dp9web.com.br\/clientes\/narezzi\/wp-content\/uploads\/2020\/11\/treinamento-min.png 1080w\" sizes=\"(max-width: 800px) 100vw, 800px\" \/>\t\t\t\t\t\t\t\t\t\t\t<\/div>\n\t\t\t\t<\/div>\n\t\t\t\t<\/div>\n\t\t\t\t\t\t<\/div>\n\t\t\t\t\t<\/div>\n\t\t<\/div>\n\t\t\t\t\t\t\t\t<\/div>\n\t\t\t\t\t<\/div>\n\t\t<\/section>\n\t\t\t\t\t\t<\/div>\n\t\t\t\t\t<\/div>\n\t\t<\/div>\n\t\t\t\t\t\t\t\t<\/div>\n\t\t\t\t\t<\/div>\n\t\t<\/section>\n\t\t\t\t\t\t<\/div>\n\t\t\t\t\t\t<\/div>\n\t\t\t\t\t<\/div>\n\t\t","protected":false},"excerpt":{"rendered":"<p>treinamento O treinamento realizado pela Narezzi serve para orientar e conscientizar os lojistas, cozinheiros, bombeiros e gerentes do segmento industrial da import\u00e2ncia de manter e manipular o sistema de combate a inc\u00eandios com seguran\u00e7a, garantindo a integridade do mesmo para um bom funcionamento, minimizando assim, futuros problemas. O treinamento tamb\u00e9m \u00e9 importante para que a [&hellip;]<\/p>\n","protected":false},"author":1,"featured_media":0,"parent":0,"menu_order":0,"comment_status":"closed","ping_status":"closed","template":"","meta":[],"_links":{"self":[{"href":"https:\/\/dp9web.com.br\/clientes\/narezzi\/wp-json\/wp\/v2\/pages\/176"}],"collection":[{"href":"https:\/\/dp9web.com.br\/clientes\/narezzi\/wp-json\/wp\/v2\/pages"}],"about":[{"href":"https:\/\/dp9web.com.br\/clientes\/narezzi\/wp-json\/wp\/v2\/types\/page"}],"author":[{"embeddable":true,"href":"https:\/\/dp9web.com.br\/clientes\/narezzi\/wp-json\/wp\/v2\/users\/1"}],"replies":[{"embeddable":true,"href":"https:\/\/dp9web.com.br\/clientes\/narezzi\/wp-json\/wp\/v2\/comments?post=176"}],"version-history":[{"count":10,"href":"https:\/\/dp9web.com.br\/clientes\/narezzi\/wp-json\/wp\/v2\/pages\/176\/revisions"}],"predecessor-version":[{"id":331,"href":"https:\/\/dp9web.com.br\/clientes\/narezzi\/wp-json\/wp\/v2\/pages\/176\/revisions\/331"}],"wp:attachment":[{"href":"https:\/\/dp9web.com.br\/clientes\/narezzi\/wp-json\/wp\/v2\/media?parent=176"}],"curies":[{"name":"wp","href":"https:\/\/api.w.org\/{rel}","templated":true}]}}