{"id":415,"date":"2020-10-20T18:20:16","date_gmt":"2020-10-20T21:20:16","guid":{"rendered":"http:\/\/dp9web.com.br\/clientes\/salviano\/?page_id=415"},"modified":"2020-10-20T18:30:11","modified_gmt":"2020-10-20T21:30:11","slug":"pecas-em-prata","status":"publish","type":"page","link":"http:\/\/dp9web.com.br\/clientes\/salviano\/pecas-em-prata\/","title":{"rendered":"Pe\u00e7as em Prata"},"content":{"rendered":"\t\t<div data-elementor-type=\"wp-page\" data-elementor-id=\"415\" class=\"elementor elementor-415\" data-elementor-settings=\"[]\">\n\t\t\t\t\t\t<div class=\"elementor-inner\">\n\t\t\t\t\t\t\t<div class=\"elementor-section-wrap\">\n\t\t\t\t\t\t\t<section class=\"elementor-section elementor-top-section elementor-element elementor-element-1c1f664 elementor-section-boxed elementor-section-height-default elementor-section-height-default\" data-id=\"1c1f664\" data-element_type=\"section\" data-settings=\"{&quot;background_background&quot;:&quot;classic&quot;}\">\n\t\t\t\t\t\t<div class=\"elementor-container elementor-column-gap-default\">\n\t\t\t\t\t\t\t<div class=\"elementor-row\">\n\t\t\t\t\t<div class=\"elementor-column elementor-col-100 elementor-top-column elementor-element elementor-element-de7cf29\" data-id=\"de7cf29\" data-element_type=\"column\">\n\t\t\t<div class=\"elementor-column-wrap elementor-element-populated\">\n\t\t\t\t\t\t\t<div class=\"elementor-widget-wrap\">\n\t\t\t\t\t\t<div class=\"elementor-element elementor-element-ebbfda5 elementor-widget elementor-widget-heading\" data-id=\"ebbfda5\" data-element_type=\"widget\" data-widget_type=\"heading.default\">\n\t\t\t\t<div class=\"elementor-widget-container\">\n\t\t\t<h2 class=\"elementor-heading-title elementor-size-default\">pe\u00e7as em prata<\/h2>\t\t<\/div>\n\t\t\t\t<\/div>\n\t\t\t\t\t\t<\/div>\n\t\t\t\t\t<\/div>\n\t\t<\/div>\n\t\t\t\t\t\t\t\t<\/div>\n\t\t\t\t\t<\/div>\n\t\t<\/section>\n\t\t\t\t<section class=\"elementor-section elementor-top-section elementor-element elementor-element-b62560b elementor-section-boxed elementor-section-height-default elementor-section-height-default\" data-id=\"b62560b\" data-element_type=\"section\">\n\t\t\t\t\t\t<div class=\"elementor-container elementor-column-gap-default\">\n\t\t\t\t\t\t\t<div class=\"elementor-row\">\n\t\t\t\t\t<div class=\"elementor-column elementor-col-100 elementor-top-column elementor-element elementor-element-37f0ef0\" data-id=\"37f0ef0\" data-element_type=\"column\">\n\t\t\t<div class=\"elementor-column-wrap elementor-element-populated\">\n\t\t\t\t\t\t\t<div class=\"elementor-widget-wrap\">\n\t\t\t\t\t\t<section class=\"elementor-section elementor-inner-section elementor-element elementor-element-f0405ee elementor-section-boxed elementor-section-height-default elementor-section-height-default\" data-id=\"f0405ee\" data-element_type=\"section\">\n\t\t\t\t\t\t<div class=\"elementor-container elementor-column-gap-default\">\n\t\t\t\t\t\t\t<div class=\"elementor-row\">\n\t\t\t\t\t<div class=\"elementor-column elementor-col-100 elementor-inner-column elementor-element elementor-element-1c9cb5b\" data-id=\"1c9cb5b\" data-element_type=\"column\">\n\t\t\t<div class=\"elementor-column-wrap elementor-element-populated\">\n\t\t\t\t\t\t\t<div class=\"elementor-widget-wrap\">\n\t\t\t\t\t\t<div class=\"elementor-element elementor-element-4c8ce96 elementor-widget elementor-widget-text-editor\" data-id=\"4c8ce96\" data-element_type=\"widget\" data-widget_type=\"text-editor.default\">\n\t\t\t\t<div class=\"elementor-widget-container\">\n\t\t\t\t\t<div class=\"elementor-text-editor elementor-clearfix\"><p>Nossos 40 anos de hist\u00f3ria, mostra que gostamos do que fazemos, al\u00e9m da alta tecnologia e profissionalismo, procuramos colocar amor e dedica\u00e7\u00e3o em tudo, do atendimento at\u00e9 o resultado final.<br \/>Acreditamos que uma joia \u00e9 a hist\u00f3ria que ela conta, e o amor que ela representa. E \u00e9 uma grande honra para n\u00f3s, participar da vida das pessoas de um jeito t\u00e3o especial. \u00c9 por isso que fazemos nosso trabalho com tanto cuidado.<br \/>Simbolizando etapas, seja em nascimento, noivado, casamento, formatura e celebra\u00e7\u00e3o.<br \/>Queremos fazer parte da sua hist\u00f3ria. Conte conosco.<\/p><\/div>\n\t\t\t\t<\/div>\n\t\t\t\t<\/div>\n\t\t\t\t<div class=\"elementor-element elementor-element-ab49f28 elementor-widget elementor-widget-image\" data-id=\"ab49f28\" data-element_type=\"widget\" data-widget_type=\"image.default\">\n\t\t\t\t<div class=\"elementor-widget-container\">\n\t\t\t\t\t<div class=\"elementor-image\">\n\t\t\t\t\t\t\t\t\t\t<img width=\"1024\" height=\"683\" src=\"http:\/\/dp9web.com.br\/clientes\/salviano\/wp-content\/uploads\/2020\/10\/pecas-em-prata-1024x683.jpg\" class=\"attachment-large size-large\" alt=\"\" loading=\"lazy\" srcset=\"http:\/\/dp9web.com.br\/clientes\/salviano\/wp-content\/uploads\/2020\/10\/pecas-em-prata-1024x683.jpg 1024w, http:\/\/dp9web.com.br\/clientes\/salviano\/wp-content\/uploads\/2020\/10\/pecas-em-prata-300x200.jpg 300w, http:\/\/dp9web.com.br\/clientes\/salviano\/wp-content\/uploads\/2020\/10\/pecas-em-prata-768x512.jpg 768w, http:\/\/dp9web.com.br\/clientes\/salviano\/wp-content\/uploads\/2020\/10\/pecas-em-prata-1536x1024.jpg 1536w, http:\/\/dp9web.com.br\/clientes\/salviano\/wp-content\/uploads\/2020\/10\/pecas-em-prata-600x400.jpg 600w, http:\/\/dp9web.com.br\/clientes\/salviano\/wp-content\/uploads\/2020\/10\/pecas-em-prata.jpg 1945w\" sizes=\"(max-width: 1024px) 100vw, 1024px\" \/>\t\t\t\t\t\t\t\t\t\t\t<\/div>\n\t\t\t\t<\/div>\n\t\t\t\t<\/div>\n\t\t\t\t<div class=\"elementor-element elementor-element-c00b94e elementor-widget elementor-widget-heading\" data-id=\"c00b94e\" data-element_type=\"widget\" data-widget_type=\"heading.default\">\n\t\t\t\t<div class=\"elementor-widget-container\">\n\t\t\t<h2 class=\"elementor-heading-title elementor-size-default\">Prata 925<\/h2>\t\t<\/div>\n\t\t\t\t<\/div>\n\t\t\t\t<div class=\"elementor-element elementor-element-382c7aa elementor-widget elementor-widget-text-editor\" data-id=\"382c7aa\" data-element_type=\"widget\" data-widget_type=\"text-editor.default\">\n\t\t\t\t<div class=\"elementor-widget-container\">\n\t\t\t\t\t<div class=\"elementor-text-editor elementor-clearfix\"><p>Prata 925 \u00e9 um termo comum para quem lida com joias, mas o porqu\u00ea deste nome? Com a prata 1000 correspondendo a maior pureza desse metal. A Prata 925 se refere \u00e0 92,5% de prata e 7,5% de liga, que s\u00e3o outros metais.<\/p><h4>Garantia e informa\u00e7\u00f5es<\/h4><ul><li>Acompanha Nota fiscal e certificado de garantia.<\/li><li>Garantia Eterna do Ouro 18k-750, e qualquer defeito pelo prazo de um 1 ano.<\/li><li>Garantia da Qualidade do material utilizado.<\/li><li>Entenda Diferen\u00e7a entre Zirc\u00f4nia e Diamante.<\/li><li>Grava\u00e7\u00e3o gratuita.<\/li><li>A garantia n\u00e3o abrange produtos quebrados, arranhados, amassados, desgastados pelo uso, manchados por cremes, lo\u00e7\u00f5es, medicamentos, pe\u00e7as com pedras opacas devido ao ac\u00famulo de res\u00edduos ou pe\u00e7as sem a identifica\u00e7\u00e3o da marca.<\/li><li>Informamos que a SALVIANO conta com profissionais qualificados presentes. Certamente nossa dedica\u00e7\u00e3o, alta tecnologia, e sobre tudo nosso r\u00edgido controle de qualidade, garante a qualidade da pe\u00e7a. No entanto o escurecimento da Prata faz parte do processo natural de oxida\u00e7\u00e3o do metal em contato com a umidade do ar e certos agendes, como cloro e enxofre, at\u00e9 mesmo \u00e0 luz. Isso n\u00e3o \u00e9 considerado defeito de fabrica\u00e7\u00e3o, bem como perda de pedras, deforma\u00e7\u00f5es ou QUEBRA DE PE\u00c7AS.<\/li><li>Para manter as sua Prata sempre bonita \u00e9 preciso limp\u00e1-las com uma certa regularidade.<\/li><\/ul><h4>Cuidados Com Suas Joias<\/h4><ul><li>Limpe no dia a dia apenas com uma flanela macia e seca;<\/li><li>Evite contato, guarda-las separadamente em um estojo;<\/li><li>Regularmente verificar garras, fechos, tarraxas e sistemas similares;<\/li><\/ul><h5>Mais informa\u00e7\u00f5es<br \/>(11) 97373-7804 ou pelo Sac<\/h5><\/div>\n\t\t\t\t<\/div>\n\t\t\t\t<\/div>\n\t\t\t\t\t\t<\/div>\n\t\t\t\t\t<\/div>\n\t\t<\/div>\n\t\t\t\t\t\t\t\t<\/div>\n\t\t\t\t\t<\/div>\n\t\t<\/section>\n\t\t\t\t\t\t<\/div>\n\t\t\t\t\t<\/div>\n\t\t<\/div>\n\t\t\t\t\t\t\t\t<\/div>\n\t\t\t\t\t<\/div>\n\t\t<\/section>\n\t\t\t\t\t\t<\/div>\n\t\t\t\t\t\t<\/div>\n\t\t\t\t\t<\/div>\n\t\t","protected":false},"excerpt":{"rendered":"<p>pe\u00e7as em prata Nossos 40 anos de hist\u00f3ria, mostra que gostamos do que fazemos, al\u00e9m da alta tecnologia e profissionalismo, procuramos colocar amor e dedica\u00e7\u00e3o em tudo, do atendimento at\u00e9 o resultado final.Acreditamos que uma joia \u00e9 a hist\u00f3ria que ela conta, e o amor que ela representa. E \u00e9 uma grande honra para n\u00f3s, [&hellip;]<\/p>\n","protected":false},"author":1,"featured_media":0,"parent":0,"menu_order":0,"comment_status":"closed","ping_status":"closed","template":"","meta":[],"_links":{"self":[{"href":"http:\/\/dp9web.com.br\/clientes\/salviano\/wp-json\/wp\/v2\/pages\/415"}],"collection":[{"href":"http:\/\/dp9web.com.br\/clientes\/salviano\/wp-json\/wp\/v2\/pages"}],"about":[{"href":"http:\/\/dp9web.com.br\/clientes\/salviano\/wp-json\/wp\/v2\/types\/page"}],"author":[{"embeddable":true,"href":"http:\/\/dp9web.com.br\/clientes\/salviano\/wp-json\/wp\/v2\/users\/1"}],"replies":[{"embeddable":true,"href":"http:\/\/dp9web.com.br\/clientes\/salviano\/wp-json\/wp\/v2\/comments?post=415"}],"version-history":[{"count":5,"href":"http:\/\/dp9web.com.br\/clientes\/salviano\/wp-json\/wp\/v2\/pages\/415\/revisions"}],"predecessor-version":[{"id":421,"href":"http:\/\/dp9web.com.br\/clientes\/salviano\/wp-json\/wp\/v2\/pages\/415\/revisions\/421"}],"wp:attachment":[{"href":"http:\/\/dp9web.com.br\/clientes\/salviano\/wp-json\/wp\/v2\/media?parent=415"}],"curies":[{"name":"wp","href":"https:\/\/api.w.org\/{rel}","templated":true}]}}