{"id":176,"date":"2020-10-07T15:06:36","date_gmt":"2020-10-07T18:06:36","guid":{"rendered":"http:\/\/localhost\/salviano\/?page_id=176"},"modified":"2020-10-07T15:09:30","modified_gmt":"2020-10-07T18:09:30","slug":"cuidados-com-as-sua-joias","status":"publish","type":"page","link":"http:\/\/dp9web.com.br\/clientes\/salviano\/cuidados-com-as-sua-joias\/","title":{"rendered":"Cuidados com as sua Joias"},"content":{"rendered":"\t\t<div data-elementor-type=\"wp-page\" data-elementor-id=\"176\" class=\"elementor elementor-176\" data-elementor-settings=\"[]\">\n\t\t\t\t\t\t<div class=\"elementor-inner\">\n\t\t\t\t\t\t\t<div class=\"elementor-section-wrap\">\n\t\t\t\t\t\t\t<section class=\"elementor-section elementor-top-section elementor-element elementor-element-41d1c3ea elementor-section-boxed elementor-section-height-default elementor-section-height-default\" data-id=\"41d1c3ea\" data-element_type=\"section\">\n\t\t\t\t\t\t<div class=\"elementor-container elementor-column-gap-default\">\n\t\t\t\t\t\t\t<div class=\"elementor-row\">\n\t\t\t\t\t<div class=\"elementor-column elementor-col-100 elementor-top-column elementor-element elementor-element-2e00e792\" data-id=\"2e00e792\" data-element_type=\"column\">\n\t\t\t<div class=\"elementor-column-wrap elementor-element-populated\">\n\t\t\t\t\t\t\t<div class=\"elementor-widget-wrap\">\n\t\t\t\t\t\t<div class=\"elementor-element elementor-element-57c3914b elementor-hidden-phone elementor-widget elementor-widget-spacer\" data-id=\"57c3914b\" data-element_type=\"widget\" data-widget_type=\"spacer.default\">\n\t\t\t\t<div class=\"elementor-widget-container\">\n\t\t\t\t\t<div class=\"elementor-spacer\">\n\t\t\t<div class=\"elementor-spacer-inner\"><\/div>\n\t\t<\/div>\n\t\t\t\t<\/div>\n\t\t\t\t<\/div>\n\t\t\t\t<div class=\"elementor-element elementor-element-254aa58 elementor-widget elementor-widget-heading\" data-id=\"254aa58\" data-element_type=\"widget\" data-widget_type=\"heading.default\">\n\t\t\t\t<div class=\"elementor-widget-container\">\n\t\t\t<h2 class=\"elementor-heading-title elementor-size-default\">Cuidados<\/h2>\t\t<\/div>\n\t\t\t\t<\/div>\n\t\t\t\t<div class=\"elementor-element elementor-element-1c409bcf elementor-widget elementor-widget-heading\" data-id=\"1c409bcf\" data-element_type=\"widget\" data-widget_type=\"heading.default\">\n\t\t\t\t<div class=\"elementor-widget-container\">\n\t\t\t<h2 class=\"elementor-heading-title elementor-size-default\">cuidados com as suas joias<\/h2>\t\t<\/div>\n\t\t\t\t<\/div>\n\t\t\t\t<div class=\"elementor-element elementor-element-58e6378f elementor-widget elementor-widget-spacer\" data-id=\"58e6378f\" data-element_type=\"widget\" data-widget_type=\"spacer.default\">\n\t\t\t\t<div class=\"elementor-widget-container\">\n\t\t\t\t\t<div class=\"elementor-spacer\">\n\t\t\t<div class=\"elementor-spacer-inner\"><\/div>\n\t\t<\/div>\n\t\t\t\t<\/div>\n\t\t\t\t<\/div>\n\t\t\t\t<div class=\"elementor-element elementor-element-1bb1003f elementor-widget elementor-widget-text-editor\" data-id=\"1bb1003f\" data-element_type=\"widget\" data-widget_type=\"text-editor.default\">\n\t\t\t\t<div class=\"elementor-widget-container\">\n\t\t\t\t\t<div class=\"elementor-text-editor elementor-clearfix\"><p>As J\u00f3ias e Semi J\u00f3ias s\u00e3o materiais sens\u00edvel, male\u00e1vel e suscet\u00edvel a choques, atritos e desgastes.<\/p><p>Para manter uma boa conserva\u00e7\u00e3o das caracter\u00edsticas originais das pe\u00e7as, \u00e9 preciso observar alguns procedimentos:<\/p><p>Mantenha pe\u00e7a guardada em local limpo e seco, protegidas da luz, longe de quaisquer produtos qu\u00edmicos.<\/p><p>As pe\u00e7as podem naturalmente sofrer oxida\u00e7\u00e3o (a superf\u00edcie ficar\u00e1 escurecida) por contato com suor, medicamentos, cosm\u00e9ticos, etc.<\/p><p>Nesses casos pode utilizar flanela pr\u00f3pria para limpeza de joias, para retirar os sinais de oxida\u00e7\u00e3o.<\/p><p>Aten\u00e7\u00e3o: n\u00e3o utilize a flanela em correntes, pe\u00e7as foscas ou pedras. Para limpar correntes ou pe\u00e7as foscas use Limpa Prata\/Ouro\/Folheado<\/p><p>Jamais ferva ou use qualquer produto qu\u00edmico para limpeza de suas pe\u00e7as.<\/p><p>Nunca lave a flanela de limpeza para que ela n\u00e3o perca as propriedades que renovam as pe\u00e7as.<\/p><\/div>\n\t\t\t\t<\/div>\n\t\t\t\t<\/div>\n\t\t\t\t<div class=\"elementor-element elementor-element-59bd974f elementor-widget elementor-widget-spacer\" data-id=\"59bd974f\" data-element_type=\"widget\" data-widget_type=\"spacer.default\">\n\t\t\t\t<div class=\"elementor-widget-container\">\n\t\t\t\t\t<div class=\"elementor-spacer\">\n\t\t\t<div class=\"elementor-spacer-inner\"><\/div>\n\t\t<\/div>\n\t\t\t\t<\/div>\n\t\t\t\t<\/div>\n\t\t\t\t\t\t<\/div>\n\t\t\t\t\t<\/div>\n\t\t<\/div>\n\t\t\t\t\t\t\t\t<\/div>\n\t\t\t\t\t<\/div>\n\t\t<\/section>\n\t\t\t\t\t\t<\/div>\n\t\t\t\t\t\t<\/div>\n\t\t\t\t\t<\/div>\n\t\t","protected":false},"excerpt":{"rendered":"<p>Cuidados cuidados com as suas joias As J\u00f3ias e Semi J\u00f3ias s\u00e3o materiais sens\u00edvel, male\u00e1vel e suscet\u00edvel a choques, atritos e desgastes. Para manter uma boa conserva\u00e7\u00e3o das caracter\u00edsticas originais das pe\u00e7as, \u00e9 preciso observar alguns procedimentos: Mantenha pe\u00e7a guardada em local limpo e seco, protegidas da luz, longe de quaisquer produtos qu\u00edmicos. As pe\u00e7as [&hellip;]<\/p>\n","protected":false},"author":1,"featured_media":0,"parent":0,"menu_order":0,"comment_status":"closed","ping_status":"closed","template":"","meta":[],"_links":{"self":[{"href":"http:\/\/dp9web.com.br\/clientes\/salviano\/wp-json\/wp\/v2\/pages\/176"}],"collection":[{"href":"http:\/\/dp9web.com.br\/clientes\/salviano\/wp-json\/wp\/v2\/pages"}],"about":[{"href":"http:\/\/dp9web.com.br\/clientes\/salviano\/wp-json\/wp\/v2\/types\/page"}],"author":[{"embeddable":true,"href":"http:\/\/dp9web.com.br\/clientes\/salviano\/wp-json\/wp\/v2\/users\/1"}],"replies":[{"embeddable":true,"href":"http:\/\/dp9web.com.br\/clientes\/salviano\/wp-json\/wp\/v2\/comments?post=176"}],"version-history":[{"count":4,"href":"http:\/\/dp9web.com.br\/clientes\/salviano\/wp-json\/wp\/v2\/pages\/176\/revisions"}],"predecessor-version":[{"id":182,"href":"http:\/\/dp9web.com.br\/clientes\/salviano\/wp-json\/wp\/v2\/pages\/176\/revisions\/182"}],"wp:attachment":[{"href":"http:\/\/dp9web.com.br\/clientes\/salviano\/wp-json\/wp\/v2\/media?parent=176"}],"curies":[{"name":"wp","href":"https:\/\/api.w.org\/{rel}","templated":true}]}}