{"id":156,"date":"2020-10-06T17:13:14","date_gmt":"2020-10-06T20:13:14","guid":{"rendered":"http:\/\/localhost\/salviano\/?page_id=156"},"modified":"2020-10-06T17:17:08","modified_gmt":"2020-10-06T20:17:08","slug":"formas-de-pagamento","status":"publish","type":"page","link":"http:\/\/dp9web.com.br\/clientes\/salviano\/formas-de-pagamento\/","title":{"rendered":"Formas de Pagamento"},"content":{"rendered":"\t\t<div data-elementor-type=\"wp-page\" data-elementor-id=\"156\" class=\"elementor elementor-156\" data-elementor-settings=\"[]\">\n\t\t\t\t\t\t<div class=\"elementor-inner\">\n\t\t\t\t\t\t\t<div class=\"elementor-section-wrap\">\n\t\t\t\t\t\t\t<section class=\"elementor-section elementor-top-section elementor-element elementor-element-de30049 elementor-section-boxed elementor-section-height-default elementor-section-height-default\" data-id=\"de30049\" data-element_type=\"section\" data-settings=\"{&quot;background_background&quot;:&quot;classic&quot;}\">\n\t\t\t\t\t\t<div class=\"elementor-container elementor-column-gap-default\">\n\t\t\t\t\t\t\t<div class=\"elementor-row\">\n\t\t\t\t\t<div class=\"elementor-column elementor-col-100 elementor-top-column elementor-element elementor-element-fe1f663\" data-id=\"fe1f663\" data-element_type=\"column\">\n\t\t\t<div class=\"elementor-column-wrap elementor-element-populated\">\n\t\t\t\t\t\t\t<div class=\"elementor-widget-wrap\">\n\t\t\t\t\t\t<div class=\"elementor-element elementor-element-8d53035 elementor-widget elementor-widget-heading\" data-id=\"8d53035\" data-element_type=\"widget\" data-widget_type=\"heading.default\">\n\t\t\t\t<div class=\"elementor-widget-container\">\n\t\t\t<h2 class=\"elementor-heading-title elementor-size-default\">formas de pagamento<\/h2>\t\t<\/div>\n\t\t\t\t<\/div>\n\t\t\t\t\t\t<\/div>\n\t\t\t\t\t<\/div>\n\t\t<\/div>\n\t\t\t\t\t\t\t\t<\/div>\n\t\t\t\t\t<\/div>\n\t\t<\/section>\n\t\t\t\t<section class=\"elementor-section elementor-top-section elementor-element elementor-element-6aa17117 elementor-section-boxed elementor-section-height-default elementor-section-height-default\" data-id=\"6aa17117\" data-element_type=\"section\">\n\t\t\t\t\t\t<div class=\"elementor-container elementor-column-gap-default\">\n\t\t\t\t\t\t\t<div class=\"elementor-row\">\n\t\t\t\t\t<div class=\"elementor-column elementor-col-100 elementor-top-column elementor-element elementor-element-343e31aa\" data-id=\"343e31aa\" data-element_type=\"column\">\n\t\t\t<div class=\"elementor-column-wrap elementor-element-populated\">\n\t\t\t\t\t\t\t<div class=\"elementor-widget-wrap\">\n\t\t\t\t\t\t<div class=\"elementor-element elementor-element-5ec65d02 elementor-widget elementor-widget-text-editor\" data-id=\"5ec65d02\" data-element_type=\"widget\" data-widget_type=\"text-editor.default\">\n\t\t\t\t<div class=\"elementor-widget-container\">\n\t\t\t\t\t<div class=\"elementor-text-editor elementor-clearfix\"><p>Salviano J\u00f3ias disponibiliza para compras atrav\u00e9s do site com os cart\u00f5es de cr\u00e9dito das bandeiras Visa, MasterCard, American Express, Elo, Diners e Hipercard.<\/p>\n<p>Os pagamentos podem ser parcelados em at\u00e9 10 vezes* sem juros.<\/p>\n<p>* Respeitado o valor m\u00ednimo de R$50,00 (cinquenta reais) para cada parcela.<\/p>\n<p>Al\u00e9m dos m\u00e9todos acima s\u00e3o aceitos tamb\u00e9m boleto banc\u00e1rio e Cart\u00f5es de Debito das bandeiras Visa, Maste e Elo.<\/p><\/div>\n\t\t\t\t<\/div>\n\t\t\t\t<\/div>\n\t\t\t\t<div class=\"elementor-element elementor-element-3283c375 elementor-widget elementor-widget-heading\" data-id=\"3283c375\" data-element_type=\"widget\" data-widget_type=\"heading.default\">\n\t\t\t\t<div class=\"elementor-widget-container\">\n\t\t\t<h2 class=\"elementor-heading-title elementor-size-default\">Estorno e Cancelamento:<\/h2>\t\t<\/div>\n\t\t\t\t<\/div>\n\t\t\t\t<div class=\"elementor-element elementor-element-54096c20 elementor-widget elementor-widget-text-editor\" data-id=\"54096c20\" data-element_type=\"widget\" data-widget_type=\"text-editor.default\">\n\t\t\t\t<div class=\"elementor-widget-container\">\n\t\t\t\t\t<div class=\"elementor-text-editor elementor-clearfix\"><p>Em caso de estorno com pagamentos via cart\u00e3o de cr\u00e9dito, este pode levar at\u00e9 2 meses para ser creditado na fatura do cliente, dependendo da administradora do cart\u00e3o, do fechamento da fatura e do tipo de contrato acordado entre as partes.<\/p><p>Para solicitar o estorno, basta entrar em contato atrav\u00e9s de nosso servi\u00e7o para atendimento ao cliente +55 (11) xxxxx-xxxx, ou envie um e-mail para atendimento@salvianojoias.com.br<\/p><p>O envio do seu pedido est\u00e1 sujeito \u00e0 aprova\u00e7\u00e3o da transa\u00e7\u00e3o pela operadora de seu cart\u00e3o de cr\u00e9dito.<\/p><p>Em caso de estorno com pagamentos via boleto ou d\u00e9bito em conta, este pode levar at\u00e9 10 dias para ser creditado na conta do cliente.<\/p><\/div>\n\t\t\t\t<\/div>\n\t\t\t\t<\/div>\n\t\t\t\t<div class=\"elementor-element elementor-element-26f23e42 elementor-widget elementor-widget-heading\" data-id=\"26f23e42\" data-element_type=\"widget\" data-widget_type=\"heading.default\">\n\t\t\t\t<div class=\"elementor-widget-container\">\n\t\t\t<h2 class=\"elementor-heading-title elementor-size-default\">Informa\u00e7\u00f5es importantes:<\/h2>\t\t<\/div>\n\t\t\t\t<\/div>\n\t\t\t\t<div class=\"elementor-element elementor-element-3f1f93d2 elementor-widget elementor-widget-text-editor\" data-id=\"3f1f93d2\" data-element_type=\"widget\" data-widget_type=\"text-editor.default\">\n\t\t\t\t<div class=\"elementor-widget-container\">\n\t\t\t\t\t<div class=\"elementor-text-editor elementor-clearfix\"><p>A Salviano Joias se reserva ao direito de modificar os pre\u00e7os dos produtos dispon\u00edveis para venda no site a qualquer momento, sem aviso pr\u00e9vio;<\/p><p>A inclus\u00e3o de um produto no &#8220;carrinho&#8221; n\u00e3o garante seu pre\u00e7o. Em caso de varia\u00e7\u00e3o, prevalecer\u00e1 o pre\u00e7o vigente na &#8220;finaliza\u00e7\u00e3o&#8221; da compra;<\/p><p>O pre\u00e7o do site pode variar de acordo com o valor da cota\u00e7\u00e3o do ouro. Por favor, considerar o pre\u00e7o calculado no carrinho;<\/p><p>Os pre\u00e7os e condi\u00e7\u00f5es de pagamento apresentados no site s\u00e3o exclusivos para compras realizadas pelo site;<\/p><p>A Salviano J\u00f3ias se resguarda de quaisquer a\u00e7\u00f5es tomadas pelo cliente no ato da compra, estando este ciente do pre\u00e7o que est\u00e1 sendo cobrado para aquisi\u00e7\u00e3o do(s) produto(s).<\/p><\/div>\n\t\t\t\t<\/div>\n\t\t\t\t<\/div>\n\t\t\t\t\t\t<\/div>\n\t\t\t\t\t<\/div>\n\t\t<\/div>\n\t\t\t\t\t\t\t\t<\/div>\n\t\t\t\t\t<\/div>\n\t\t<\/section>\n\t\t\t\t\t\t<\/div>\n\t\t\t\t\t\t<\/div>\n\t\t\t\t\t<\/div>\n\t\t","protected":false},"excerpt":{"rendered":"<p>formas de pagamento Salviano J\u00f3ias disponibiliza para compras atrav\u00e9s do site com os cart\u00f5es de cr\u00e9dito das bandeiras Visa, MasterCard, American Express, Elo, Diners e Hipercard. Os pagamentos podem ser parcelados em at\u00e9 10 vezes* sem juros. * Respeitado o valor m\u00ednimo de R$50,00 (cinquenta reais) para cada parcela. Al\u00e9m dos m\u00e9todos acima s\u00e3o aceitos [&hellip;]<\/p>\n","protected":false},"author":1,"featured_media":0,"parent":0,"menu_order":0,"comment_status":"closed","ping_status":"closed","template":"","meta":[],"_links":{"self":[{"href":"http:\/\/dp9web.com.br\/clientes\/salviano\/wp-json\/wp\/v2\/pages\/156"}],"collection":[{"href":"http:\/\/dp9web.com.br\/clientes\/salviano\/wp-json\/wp\/v2\/pages"}],"about":[{"href":"http:\/\/dp9web.com.br\/clientes\/salviano\/wp-json\/wp\/v2\/types\/page"}],"author":[{"embeddable":true,"href":"http:\/\/dp9web.com.br\/clientes\/salviano\/wp-json\/wp\/v2\/users\/1"}],"replies":[{"embeddable":true,"href":"http:\/\/dp9web.com.br\/clientes\/salviano\/wp-json\/wp\/v2\/comments?post=156"}],"version-history":[{"count":5,"href":"http:\/\/dp9web.com.br\/clientes\/salviano\/wp-json\/wp\/v2\/pages\/156\/revisions"}],"predecessor-version":[{"id":163,"href":"http:\/\/dp9web.com.br\/clientes\/salviano\/wp-json\/wp\/v2\/pages\/156\/revisions\/163"}],"wp:attachment":[{"href":"http:\/\/dp9web.com.br\/clientes\/salviano\/wp-json\/wp\/v2\/media?parent=156"}],"curies":[{"name":"wp","href":"https:\/\/api.w.org\/{rel}","templated":true}]}}