{"id":140,"date":"2020-10-06T16:57:00","date_gmt":"2020-10-06T19:57:00","guid":{"rendered":"http:\/\/localhost\/salviano\/?page_id=140"},"modified":"2020-10-06T17:00:21","modified_gmt":"2020-10-06T20:00:21","slug":"politica-de-conserto","status":"publish","type":"page","link":"http:\/\/dp9web.com.br\/clientes\/salviano\/politica-de-conserto\/","title":{"rendered":"Pol\u00edtica de Conserto"},"content":{"rendered":"\t\t<div data-elementor-type=\"wp-page\" data-elementor-id=\"140\" class=\"elementor elementor-140\" data-elementor-settings=\"[]\">\n\t\t\t\t\t\t<div class=\"elementor-inner\">\n\t\t\t\t\t\t\t<div class=\"elementor-section-wrap\">\n\t\t\t\t\t\t\t<section class=\"elementor-section elementor-top-section elementor-element elementor-element-de23b29 elementor-section-boxed elementor-section-height-default elementor-section-height-default\" data-id=\"de23b29\" data-element_type=\"section\" data-settings=\"{&quot;background_background&quot;:&quot;classic&quot;}\">\n\t\t\t\t\t\t<div class=\"elementor-container elementor-column-gap-default\">\n\t\t\t\t\t\t\t<div class=\"elementor-row\">\n\t\t\t\t\t<div class=\"elementor-column elementor-col-100 elementor-top-column elementor-element elementor-element-45154f9\" data-id=\"45154f9\" data-element_type=\"column\">\n\t\t\t<div class=\"elementor-column-wrap elementor-element-populated\">\n\t\t\t\t\t\t\t<div class=\"elementor-widget-wrap\">\n\t\t\t\t\t\t<div class=\"elementor-element elementor-element-5dab078 elementor-widget elementor-widget-heading\" data-id=\"5dab078\" data-element_type=\"widget\" data-widget_type=\"heading.default\">\n\t\t\t\t<div class=\"elementor-widget-container\">\n\t\t\t<h2 class=\"elementor-heading-title elementor-size-default\">Pol\u00edtica de consertos<\/h2>\t\t<\/div>\n\t\t\t\t<\/div>\n\t\t\t\t\t\t<\/div>\n\t\t\t\t\t<\/div>\n\t\t<\/div>\n\t\t\t\t\t\t\t\t<\/div>\n\t\t\t\t\t<\/div>\n\t\t<\/section>\n\t\t\t\t<section class=\"elementor-section elementor-top-section elementor-element elementor-element-350fe7cb elementor-section-boxed elementor-section-height-default elementor-section-height-default\" data-id=\"350fe7cb\" data-element_type=\"section\">\n\t\t\t\t\t\t<div class=\"elementor-container elementor-column-gap-default\">\n\t\t\t\t\t\t\t<div class=\"elementor-row\">\n\t\t\t\t\t<div class=\"elementor-column elementor-col-100 elementor-top-column elementor-element elementor-element-71a8a0c5\" data-id=\"71a8a0c5\" data-element_type=\"column\">\n\t\t\t<div class=\"elementor-column-wrap elementor-element-populated\">\n\t\t\t\t\t\t\t<div class=\"elementor-widget-wrap\">\n\t\t\t\t\t\t<div class=\"elementor-element elementor-element-7bb8fa1 elementor-widget elementor-widget-text-editor\" data-id=\"7bb8fa1\" data-element_type=\"widget\" data-widget_type=\"text-editor.default\">\n\t\t\t\t<div class=\"elementor-widget-container\">\n\t\t\t\t\t<div class=\"elementor-text-editor elementor-clearfix\"><p>Todos os nossos produtos s\u00e3o confeccionados dentro de elevados padr\u00f5es de qualidade.<\/p>\n<p>A Salviano J\u00f3ias possui uma assist\u00eancia para os consertos das pe\u00e7as que precisam de algum reparo.<\/p>\n<p>O custo e prazo de repara\u00e7\u00e3o do produto v\u00e1ria de acordo com modelo e defeito. O processo para realizar o conserto de sua pe\u00e7a junto a nossa assist\u00eancia est\u00e1 abaixo:<\/p>\n<p>Procurar a loja Salviano J\u00f3ias mais pr\u00f3xima a voc\u00ea portando obrigatoriamente o certificado de garantia. As atendentes ir\u00e3o realizar iniciar o processo de conserto para voc\u00ea imediatamente;<\/p>\n<p>Caso n\u00e3o possa ir a uma de lojas, entre em contato com nosso Servi\u00e7o de Atendimento ao Cliente atrav\u00e9s do telefone + 55 (11) xxxx-xxxx ou atrav\u00e9s do e-mail atendimento@salvianojoias.com.br<\/p>\n<p>Ser\u00e3o solicitadas algumas informa\u00e7\u00f5es do produto;<\/p>\n<p>Ap\u00f3s esse contato ser\u00e1 necess\u00e1rio enviar o produto para a nossa assist\u00eancia t\u00e9cnica atrav\u00e9s dos Correios para realizar um or\u00e7amento do conserto do produto;<\/p>\n<p>Ap\u00f3s a aprova\u00e7\u00e3o do or\u00e7amento, bem como o pagamento do mesmo, ser\u00e1 realizado o reparo no produto e o envio do mesmo para o cliente;<\/p><\/div>\n\t\t\t\t<\/div>\n\t\t\t\t<\/div>\n\t\t\t\t\t\t<\/div>\n\t\t\t\t\t<\/div>\n\t\t<\/div>\n\t\t\t\t\t\t\t\t<\/div>\n\t\t\t\t\t<\/div>\n\t\t<\/section>\n\t\t\t\t\t\t<\/div>\n\t\t\t\t\t\t<\/div>\n\t\t\t\t\t<\/div>\n\t\t","protected":false},"excerpt":{"rendered":"<p>Pol\u00edtica de consertos Todos os nossos produtos s\u00e3o confeccionados dentro de elevados padr\u00f5es de qualidade. A Salviano J\u00f3ias possui uma assist\u00eancia para os consertos das pe\u00e7as que precisam de algum reparo. O custo e prazo de repara\u00e7\u00e3o do produto v\u00e1ria de acordo com modelo e defeito. O processo para realizar o conserto de sua pe\u00e7a [&hellip;]<\/p>\n","protected":false},"author":1,"featured_media":0,"parent":0,"menu_order":0,"comment_status":"closed","ping_status":"closed","template":"","meta":[],"_links":{"self":[{"href":"http:\/\/dp9web.com.br\/clientes\/salviano\/wp-json\/wp\/v2\/pages\/140"}],"collection":[{"href":"http:\/\/dp9web.com.br\/clientes\/salviano\/wp-json\/wp\/v2\/pages"}],"about":[{"href":"http:\/\/dp9web.com.br\/clientes\/salviano\/wp-json\/wp\/v2\/types\/page"}],"author":[{"embeddable":true,"href":"http:\/\/dp9web.com.br\/clientes\/salviano\/wp-json\/wp\/v2\/users\/1"}],"replies":[{"embeddable":true,"href":"http:\/\/dp9web.com.br\/clientes\/salviano\/wp-json\/wp\/v2\/comments?post=140"}],"version-history":[{"count":3,"href":"http:\/\/dp9web.com.br\/clientes\/salviano\/wp-json\/wp\/v2\/pages\/140\/revisions"}],"predecessor-version":[{"id":146,"href":"http:\/\/dp9web.com.br\/clientes\/salviano\/wp-json\/wp\/v2\/pages\/140\/revisions\/146"}],"wp:attachment":[{"href":"http:\/\/dp9web.com.br\/clientes\/salviano\/wp-json\/wp\/v2\/media?parent=140"}],"curies":[{"name":"wp","href":"https:\/\/api.w.org\/{rel}","templated":true}]}}