{"id":104,"date":"2020-10-06T15:47:12","date_gmt":"2020-10-06T18:47:12","guid":{"rendered":"http:\/\/localhost\/salviano\/?page_id=104"},"modified":"2020-10-06T15:51:34","modified_gmt":"2020-10-06T18:51:34","slug":"sobre-a-salviano-joias","status":"publish","type":"page","link":"http:\/\/dp9web.com.br\/clientes\/salviano\/sobre-a-salviano-joias\/","title":{"rendered":"Sobre a Salviano Joias"},"content":{"rendered":"\t\t<div data-elementor-type=\"wp-page\" data-elementor-id=\"104\" class=\"elementor elementor-104\" data-elementor-settings=\"[]\">\n\t\t\t\t\t\t<div class=\"elementor-inner\">\n\t\t\t\t\t\t\t<div class=\"elementor-section-wrap\">\n\t\t\t\t\t\t\t<section class=\"elementor-section elementor-top-section elementor-element elementor-element-301aef3 elementor-section-boxed elementor-section-height-default elementor-section-height-default\" data-id=\"301aef3\" data-element_type=\"section\">\n\t\t\t\t\t\t<div class=\"elementor-container elementor-column-gap-default\">\n\t\t\t\t\t\t\t<div class=\"elementor-row\">\n\t\t\t\t\t<div class=\"elementor-column elementor-col-100 elementor-top-column elementor-element elementor-element-91a863f\" data-id=\"91a863f\" data-element_type=\"column\">\n\t\t\t<div class=\"elementor-column-wrap elementor-element-populated\">\n\t\t\t\t\t\t\t<div class=\"elementor-widget-wrap\">\n\t\t\t\t\t\t<div class=\"elementor-element elementor-element-a243ca0 elementor-widget elementor-widget-heading\" data-id=\"a243ca0\" data-element_type=\"widget\" data-widget_type=\"heading.default\">\n\t\t\t\t<div class=\"elementor-widget-container\">\n\t\t\t<h2 class=\"elementor-heading-title elementor-size-default\">a empresa<\/h2>\t\t<\/div>\n\t\t\t\t<\/div>\n\t\t\t\t<div class=\"elementor-element elementor-element-c8c8a2b elementor-widget elementor-widget-heading\" data-id=\"c8c8a2b\" data-element_type=\"widget\" data-widget_type=\"heading.default\">\n\t\t\t\t<div class=\"elementor-widget-container\">\n\t\t\t<h2 class=\"elementor-heading-title elementor-size-default\">Tradi\u00e7\u00e3o e Qualidade<\/h2>\t\t<\/div>\n\t\t\t\t<\/div>\n\t\t\t\t<div class=\"elementor-element elementor-element-c39dd0a elementor-widget elementor-widget-text-editor\" data-id=\"c39dd0a\" data-element_type=\"widget\" data-widget_type=\"text-editor.default\">\n\t\t\t\t<div class=\"elementor-widget-container\">\n\t\t\t\t\t<div class=\"elementor-text-editor elementor-clearfix\"><p>Nossos 40 anos de hist\u00f3ria, mostra que gostamos do que fazemos, al\u00e9m da alta tecnologia e profissionalismo na produ\u00e7\u00e3o de Joias, procuramos colocar amor e dedica\u00e7\u00e3o em tudo, do atendimento at\u00e9 o resultado final.<\/p><p>Tudo que fazemos e\u0301 para satisfazer voc\u00ea cliente querido. Na Salviano voc\u00ea encontra tudo que precisa em Joias, Semi Joias e Rel\u00f3gios. O diferencial e\u0301 a vasta varia\u00e7\u00e3o de pe\u00e7as com excelente qualidade e menor pre\u00e7o, temos uma linha completa de joias, da sofisticada a tradicional que n\u00e3o pode faltar. Simbolizando etapas, seja em nascimento, noivado, casamento, formatura e celebra\u00e7\u00e3o.<\/p><p>Eternizando sonhos e momentos especiais, como o primeiro brinquinho, a pulseirinha de boas-vindas, a conquista do anel de formatura e noivado, a t\u00e3o sonhadas alian\u00e7as, aquela lembrancinha para presentear a quem amamos, ou a Joia produzida exclusivamente da ideia do cliente.<\/p><p>Acreditamos que uma joia \u00e9 a hist\u00f3ria que ela conta, e o amor que ela representa. E \u00e9 uma grande honra para n\u00f3s, participar da vida das pessoas de um jeito t\u00e3o especial. \u00c9 por isso que fazemos nosso trabalho com tanto cuidado.<\/p><p>Conhecido pela vo\u0301, m\u00e3e, tia (\u2026) fazemos parte de gera\u00e7\u00f5es em Jundia\u00ed SP, nossa cidade natal t\u00e3o amada. Somos completos. Somos Salviano.<\/p><p>Queremos fazer parte da sua hist\u00f3ria. Conte conosco.<\/p><\/div>\n\t\t\t\t<\/div>\n\t\t\t\t<\/div>\n\t\t\t\t<div class=\"elementor-element elementor-element-1e6475e elementor-widget elementor-widget-text-editor\" data-id=\"1e6475e\" data-element_type=\"widget\" data-widget_type=\"text-editor.default\">\n\t\t\t\t<div class=\"elementor-widget-container\">\n\t\t\t\t\t<div class=\"elementor-text-editor elementor-clearfix\"><p>Fundada em 1980, uma loja familiar abria suas portas na ponte S\u00e3o Jo\u00e3o em Jundia\u00ed SP, onde o fundador Salviano ourives e criador de Joias, confeccionava pe\u00e7as exclusivas e eternas, enquanto sua esposa Dona Maria com sua simpatia e carisma come\u00e7a a conquistar seus clientes e espa\u00e7o no mercado, com cuidado e respeito. Esse amor pelas joias come\u00e7ou a crescer, Dona Maria vision\u00e1ria e aprimorando-se cada vez mais, e sempre pensando no cliente, inaugura em 1991 a loja no centro de Jundia\u00ed. Atendendo tamb\u00e9m no varejo e atacado, com revendedoras por toda cidade de Jundia\u00ed SP e regi\u00e3o, a empresa foi evoluindo dia a dia ganhando confian\u00e7a e credibilidade de seus clientes.<\/p><p>A Salviano Joias se tornou uma das mais conceituadas Joalherias da cidade de Jundia\u00ed. Com fabrica\u00e7\u00e3o pr\u00f3pria de joias e alian\u00e7as, duas oficinas, tr\u00eas lojas, uma equipe empenhada de ourives, vendedores, colaboradores, fornecedores, servi\u00e7os personalizados, e restaura\u00e7\u00e3o de pe\u00e7as de fam\u00edlia com valores afetivos, nosso compromisso \u00e9 gerar contentamento e boas recorda\u00e7\u00f5es.<\/p><p>\u00a0A Salviano Joias visa sempre satisfazer seus clientes, com inova\u00e7\u00f5es, qualidade, fideliza\u00e7\u00e3o, excelente atendimento, e variedade de pe\u00e7as e produtos. Atualizando-se a cada tend\u00eancia, nas melhores feiras de joias do Pa\u00eds. Estamos sempre \u00e0 frente.<\/p><p>A Salviano Joias e seus fundadores \u00e9 conjunto de uma linda hist\u00f3ria, de dedica\u00e7\u00e3o, honestidade e determina\u00e7\u00e3o.<\/p><\/div>\n\t\t\t\t<\/div>\n\t\t\t\t<\/div>\n\t\t\t\t\t\t<\/div>\n\t\t\t\t\t<\/div>\n\t\t<\/div>\n\t\t\t\t\t\t\t\t<\/div>\n\t\t\t\t\t<\/div>\n\t\t<\/section>\n\t\t\t\t\t\t<\/div>\n\t\t\t\t\t\t<\/div>\n\t\t\t\t\t<\/div>\n\t\t","protected":false},"excerpt":{"rendered":"<p>a empresa Tradi\u00e7\u00e3o e Qualidade Nossos 40 anos de hist\u00f3ria, mostra que gostamos do que fazemos, al\u00e9m da alta tecnologia e profissionalismo na produ\u00e7\u00e3o de Joias, procuramos colocar amor e dedica\u00e7\u00e3o em tudo, do atendimento at\u00e9 o resultado final. Tudo que fazemos e\u0301 para satisfazer voc\u00ea cliente querido. Na Salviano voc\u00ea encontra tudo que precisa [&hellip;]<\/p>\n","protected":false},"author":1,"featured_media":0,"parent":0,"menu_order":0,"comment_status":"closed","ping_status":"closed","template":"","meta":[],"_links":{"self":[{"href":"http:\/\/dp9web.com.br\/clientes\/salviano\/wp-json\/wp\/v2\/pages\/104"}],"collection":[{"href":"http:\/\/dp9web.com.br\/clientes\/salviano\/wp-json\/wp\/v2\/pages"}],"about":[{"href":"http:\/\/dp9web.com.br\/clientes\/salviano\/wp-json\/wp\/v2\/types\/page"}],"author":[{"embeddable":true,"href":"http:\/\/dp9web.com.br\/clientes\/salviano\/wp-json\/wp\/v2\/users\/1"}],"replies":[{"embeddable":true,"href":"http:\/\/dp9web.com.br\/clientes\/salviano\/wp-json\/wp\/v2\/comments?post=104"}],"version-history":[{"count":4,"href":"http:\/\/dp9web.com.br\/clientes\/salviano\/wp-json\/wp\/v2\/pages\/104\/revisions"}],"predecessor-version":[{"id":108,"href":"http:\/\/dp9web.com.br\/clientes\/salviano\/wp-json\/wp\/v2\/pages\/104\/revisions\/108"}],"wp:attachment":[{"href":"http:\/\/dp9web.com.br\/clientes\/salviano\/wp-json\/wp\/v2\/media?parent=104"}],"curies":[{"name":"wp","href":"https:\/\/api.w.org\/{rel}","templated":true}]}}